{"id":4,"date":"2023-05-13T07:28:40","date_gmt":"2023-05-13T05:28:40","guid":{"rendered":"https:\/\/dutchindordrecht.gaatbinnenkortonline.nl\/en\/?page_id=4"},"modified":"2026-03-05T10:24:58","modified_gmt":"2026-03-05T09:24:58","slug":"home","status":"publish","type":"page","link":"https:\/\/dutchindordrecht.nl\/en\/","title":{"rendered":"Home"},"content":{"rendered":"\n<section class=\"bg-white-200 pt-3 pb-0\">\n<div class=\"container\">\n<div class=\"row justify-content-center align-items-center\">\n<div class=\"col-12 col-lg-8 border-primary\">\n<h3 class=\"text-center text-secondary\">Dutch language courses in Dordrecht<\/h3>\n\n\n\n<p class=\"text-center\">You will feel at home more easily in the Netherlands with a good understanding of the Dutch language and culture.<br><br>Dutch in Dordrecht specialises in providing Dutch courses for non-native speakers. We offer language courses at all levels for individuals, groups and companies.<br><br>You will learn the Dutch language in an active and motivating way. In addition, you will be introduced to the Dutch culture and traditions. Whether you are just starting to learn the Dutch language or are already a more advanced learner, there is a course for everyone.\u00a0<\/p>\n<\/div>\n<\/div>\n<\/div>\n<\/section>\n\n\n\n<section class=\"pt-5\">\n<div class=\"container\">\n<div class=\"row\">\n<div class=\"col-12 col-md-4 mb-5\">\n<div class=\"h-100 bg-secondary-100 p-3\">\n<h3 class=\"text-center text-secondary\">Which course?<\/h3>\n\n\n\n<div class=\"ratio ratio-16x9\">\n<div class=\"p-3 d-flex justify-content-center align-items-center\">\n<img decoding=\"async\" class=\"w-75 h-75 img-fluid\" src=\"https:\/\/dutchindordrecht.nl\/wp-content\/uploads\/svg-1.svg\" alt=\"\"\/>\n<\/div>\n<\/div>\n\n\n\n<p class=\"text-center\">Wondering which course best suits your level? Plan a free intake interview to find out.<\/p>\n<\/div>\n\n\n\n<a href=\"https:\/\/dutchindordrecht.nl\/en\/plan-an-intake\/\" id=\"\" class=\"btn btn-primary text-white mx-auto mt-n3 d-block\"><strong>Plan an intake<\/strong><\/a>\n<\/div>\n\n\n\n<div class=\"col-12 col-md-4 mb-5\">\n<div class=\"h-100 bg-tertiary-200 p-3\">\n<h3 class=\"text-center text-secondary\">Start in May!<\/h3>\n\n\n\n<div class=\"ratio ratio-16x9\">\n<div class=\"p-3 d-flex justify-content-center align-items-center\">\n<img decoding=\"async\" class=\"w-75 h-75 img-fluid\" src=\"https:\/\/dutchindordrecht.nl\/wp-content\/uploads\/svg-3.svg\" alt=\"\"\/>\n<\/div>\n<\/div>\n\n\n\n<p class=\"text-center\">New courses starting in May. View the complete timetable here.<\/p>\n<\/div>\n\n\n\n<a href=\"https:\/\/dutchindordrecht.nl\/en\/timetable\/\" id=\"\" class=\"btn btn-primary text-white mx-auto mt-n3 d-block\"><strong>Let\u2019s start!<\/strong><\/a>\n<\/div>\n\n\n\n<div class=\"col-12 col-md-4 mb-5\">\n<div class=\"h-100 bg-secondary-100 p-3\">\n<h3 class=\"text-center text-secondary\">Do you need Dutch for your work?<\/h3>\n\n\n\n<div class=\"ratio ratio-16x9\">\n<div class=\"p-3 d-flex justify-content-center align-items-center\">\n<img decoding=\"async\" class=\"w-75 h-75 img-fluid\" src=\"https:\/\/dutchindordrecht.nl\/wp-content\/uploads\/svg-2.svg\" alt=\"\"\/>\n<\/div>\n<\/div>\n\n\n\n<p class=\"text-center\">Dutch in Dordrecht offers several options for workplace language training.<\/p>\n<\/div>\n\n\n\n<a href=\"https:\/\/dutchindordrecht.nl\/en\/courses\/company-training\/\" id=\"\" class=\"btn btn-primary text-white mx-auto mt-n3 d-block\"><strong>More info<\/strong><\/a>\n<\/div>\n<\/div>\n<\/div>\n<\/section>\n\n\n\n<section>\n<div class=\"container\">\n<div class=\"pt-5\">\n<img loading=\"lazy\" decoding=\"async\" class=\"img-fluid\" src=\"https:\/\/dutchindordrecht.nl\/wp-content\/uploads\/icoontjes.png\" alt=\"\" width=\"1400\" height=\"97\" style=\"height:auto !important;width:1400px\"\/>\n<\/div>\n<\/div>\n<\/section>\n\n\n\t\t<div id=\"carouselExampleIndicators\" class=\"carousel carousel-dark slide\" data-bs-ride=\"carousel\">\n\t\t\t<div class=\"carousel-inner\">\n\t\t\t\t\t\t\t\t\t\t\t\t<div class=\"carousel-item active\">\n\t\t\t\t\t\t\t\t\t<div>\n<section class=\"py-5\">\n<div class=\"container\">\n<div class=\"row justify-content-center align-items-center\">\n<div class=\"col-12 col-lg-8\">\n<h3 class=\"text-center text-secondary\">Larysa\u2013 Oekraine<\/h3>\n\n\n\n<p class=\"text-center\">This is one of the best language schools I&#8217;ve ever attended. The atmosphere is friendly and encouraging, small groups, very attentive teachers who would go an extra mile for you (like explaining\/checking something after class for you). A great place to learn language and a bit of culture \ud83d\ude42\u00a0<\/p>\n<\/div>\n<\/div>\n<\/div>\n<\/section>\n<\/div>\n\t\t\t\t\t\t\t\t<\/div>\n\t\t\t\t\t\t\t\t\t\t\t\t\t\t<div class=\"carousel-item\">\n\t\t\t\t\t\t\t\t\t<div>\n<section class=\"py-5\">\n<div class=\"container\">\n<div class=\"row justify-content-center align-items-center\">\n<div class=\"col-12\">\n<h3 class=\"text-center text-secondary\">Irek &#8211; Rusland<\/h3>\n\n\n\n<p class=\"text-center\">A very good school with a professional approach and great teachers.<\/p>\n<\/div>\n<\/div>\n<\/div>\n<\/section>\n<\/div>\n\t\t\t\t\t\t\t\t<\/div>\n\t\t\t\t\t\t\t\t\t\t\t\t\t<div class=\"carousel-item\">\n\t\t\t\t\t\t\t\t\t<div>\n<section class=\"py-5\">\n<div class=\"container\">\n<div class=\"row justify-content-center justify-content-lg-center align-items-center align-items-lg-center\">\n<div class=\"col-12 col-lg-8\">\n<h3 class=\"text-center text-secondary\">Moina &#8211; Pakistan<\/h3>\n\n\n\n<p class=\"text-center\">It was my first Dutch course and it was every cent worth it. I had a great experience with the course and my course instructor was excellent. Her experience shows in her superb handling of the course. Just with this one course, I feel more confident in my everyday interactions. Thank you!\u00a0\u00a0<\/p>\n<\/div>\n<\/div>\n<\/div>\n<\/section>\n<\/div>\n\t\t\t\t\t\t\t\t<\/div>\n\t\t\t\t\t\t\t\t\t\t\t\t\t<div class=\"carousel-item\">\n\t\t\t\t\t\t\t\t\t<div>\n<section class=\"py-5\">\n<div class=\"container\">\n<div class=\"row justify-content-center justify-content-lg-center align-items-center align-items-lg-center\">\n<div class=\"col-12 col-lg-8\">\n<h3 class=\"text-center text-secondary\">Liz &#8211; Peru<\/h3>\n\n\n\n<p class=\"text-center\">Estoy muy contenta y totalmente satisfecha con Dutch in Dordrecht. El material, los libros y el m\u00e9todo de las lecciones son lo m\u00e1ximo!<\/p>\n<\/div>\n<\/div>\n<\/div>\n<\/section>\n<\/div>\n\t\t\t\t\t\t\t\t<\/div>\n\t\t\t\t\t\t\t\t\t\t\t\t\t<div class=\"carousel-item\">\n\t\t\t\t\t\t\t\t\t<div>\n<section class=\"py-5\">\n<div class=\"container\">\n<div class=\"row justify-content-center justify-content-lg-center align-items-center align-items-lg-center\">\n<div class=\"col-12 col-lg-8\">\n<h3 class=\"text-center text-secondary\">Giorgio &#8211; Itali\u00eb<\/h3>\n\n\n\n<p class=\"text-center\">Very skilled teachers, can help you get more confident with your language, whether you are a beginner or you already have some Dutch skills!\u00a0<\/p>\n<\/div>\n<\/div>\n<\/div>\n<\/section>\n<\/div>\n\t\t\t\t\t\t\t\t<\/div>\n\t\t\t\t\t\t\t\t\t\t\t\t\t<div class=\"carousel-item\">\n\t\t\t\t\t\t\t\t\t<div>\n<section class=\"py-5\">\n<div class=\"container\">\n<div class=\"row justify-content-center align-items-center\">\n<div class=\"col-12 col-lg-8\">\n<h3 class=\"text-center text-secondary\">Laure &#8211; Frankrijk<\/h3>\n\n\n\n<p class=\"text-center\">J\u2019ai beaucoup appris non seulement sur langue n\u00e9erlandaise mais \u00e9galement sur le pays et sa culture. Tanja est une professeur p\u00e9dagogue, structur\u00e9e, ouverte, souriante et surtout tr\u00e8s patiente. Elle sait \u00eatre \u00e0 l\u2019\u00e9coute de ses \u00e9l\u00e8ves pour cerner leurs besoins et pouvoir les aider au mieux et les motiver.\u00a0\u00a0<\/p>\n<\/div>\n<\/div>\n<\/div>\n<\/section>\n<\/div>\n\t\t\t\t\t\t\t\t<\/div>\n\t\t\t\t\t\t\t\t\t\t\t\t\t<div class=\"carousel-item\">\n\t\t\t\t\t\t\t\t\t<div>\n<section class=\"py-5\">\n<div class=\"container\">\n<div class=\"row justify-content-center align-items-center\">\n<div class=\"col-12 col-lg-8\">\n<h3 class=\"text-center text-secondary\">Kasia &#8211; Polen<\/h3>\n\n\n\n<p class=\"text-center\">Szczerze polecam kurs niderlandzkiego w szkole Dutch in Dordrecht! Bra\u0142am udzia\u0142 w czterech kursach grupowych, zaczyna\u0142am nauk\u0119 od zera do poziomu B1. Ka\u017cdy z kurs\u00f3w by\u0142 na wysokim poziomie, a atmosfera bardzo przyjemna. Rozwijali\u015bmy r\u00f3\u017cne umiej\u0119tno\u015bci j\u0119zykowe: gramatyk\u0119, m\u00f3wienie, pisanie, czytanie itd., a tak\u017ce mieli\u015bmy okazj\u0119 dowiedzie\u0107 si\u0119 czego\u015b o niderlandzkiej kulturze. Gor\u0105co polecam!<\/p>\n<\/div>\n<\/div>\n<\/div>\n<\/section>\n<\/div>\n\t\t\t\t\t\t\t\t<\/div>\n\t\t\t\t\t\t\t\t\t\t\t\t\t<div class=\"carousel-item\">\n\t\t\t\t\t\t\t\t\t<div>\n<section class=\"py-5\">\n<div class=\"container\">\n<div class=\"row justify-content-center justify-content-lg-center align-items-center align-items-lg-center\">\n<div class=\"col-12 col-lg-8\">\n<h3 class=\"text-center text-secondary\">Hiba &#8211; Marokko<\/h3>\n\n\n\n<p class=\"text-center\">Geweldige school, geweldige docenten. Je maakt zeker veel vooruitgang en krijgt steeds meer vertrouwen in je Nederlands. Een echte aanrader!\u00a0<\/p>\n<\/div>\n<\/div>\n<\/div>\n<\/section>\n<\/div>\n\t\t\t\t\t\t\t\t<\/div>\n\t\t\t\t\t\t\t\t\t\t\t\t\t<div class=\"carousel-item\">\n\t\t\t\t\t\t\t\t\t<div>\n<section class=\"py-5\">\n<div class=\"container\">\n<div class=\"row justify-content-center justify-content-lg-center align-items-center align-items-lg-center\">\n<div class=\"col-12 col-lg-8\">\n<h3 class=\"text-center text-secondary\">Anildo &#8211; Kaap Verdi\u00eb<\/h3>\n\n\n\n<p class=\"text-center\">Muito bem programado! Curso muito pr\u00e1tico, excelente professora atenta a cada erro do aluno(a) e pronta a explicar sempre com o sorriso no rosto !! Valeu a pena !! Top\u00a0\u00a0<\/p>\n<\/div>\n<\/div>\n<\/div>\n<\/section>\n<\/div>\n\t\t\t\t\t\t\t\t<\/div>\n\t\t\t\t\t\t\t\t\t\t\t\t\t<div class=\"carousel-item\">\n\t\t\t\t\t\t\t\t\t<div>\n<section class=\"py-5\">\n<div class=\"container\">\n<div class=\"row justify-content-center align-items-center\">\n<div class=\"col-12 col-lg-8\">\n<h3 class=\"text-center text-secondary\">Adam &#8211; Hongarije<\/h3>\n\n\n\n<p class=\"text-center\">&#8220;Great teacher, great school!&#8221;<\/p>\n<\/div>\n<\/div>\n<\/div>\n<\/section>\n<\/div>\n\t\t\t\t\t\t\t\t<\/div>\n\t\t\t\t\t\t\t\t\t\t\t\t\t<div class=\"carousel-item\">\n\t\t\t\t\t\t\t\t\t<div>\n<section class=\"py-5\">\n<div class=\"container\">\n<div class=\"row justify-content-center align-items-center\">\n<div class=\"col-12 col-lg-8\">\n<h3 class=\"text-center text-secondary\">Olatz &#8211; Baskenland (Spanje)<\/h3>\n\n\n\n<p class=\"text-center\">Aprender la lengua holandesa en Dutch in Dordrecht es la llave para sentirme integrada en Holanda. Ofrece una metodolog\u00eda muy eficaz donde puedo poner en practica todas las destrezas necesarias que estimulan el aprendizaje en clase y en casa. Aprender en Dutch in Dordrecht es una inversion garantizada.\u00a0<\/p>\n<\/div>\n<\/div>\n<\/div>\n<\/section>\n<\/div>\n\t\t\t\t\t\t\t\t<\/div>\n\t\t\t\t\t\t\t\t\t\t\t\t\t<div class=\"carousel-item\">\n\t\t\t\t\t\t\t\t\t<div>\n<section class=\"py-5\">\n<div class=\"container\">\n<div class=\"row justify-content-center align-items-center\">\n<div class=\"col-12 col-lg-8\">\n<h3 class=\"text-center text-secondary\">Dorit &#8211; Isra\u00ebl<\/h3>\n\n\n\n<p class=\"text-center\">enjoyed studying with Dutch in Dordrecht and the good group of people. The atmosphere throughout the course was very good, fun, professional, serious and pleasant. It is important to create a trusting and supportive learning environment. Our teacher has built it with us.<\/p>\n<\/div>\n<\/div>\n<\/div>\n<\/section>\n<\/div>\n\t\t\t\t\t\t\t\t<\/div>\n\t\t\t\t\t\t\t\t\t\t\t\t\t<div class=\"carousel-item\">\n\t\t\t\t\t\t\t\t\t<div>\n<section class=\"py-5\">\n<div class=\"container\">\n<div class=\"row justify-content-center align-items-center\">\n<div class=\"col-12 col-lg-8\">\n<h3 class=\"text-center text-secondary\">Aneta en Grzegorz &#8211;\u00a0 Polen<\/h3>\n\n\n\n<p class=\"text-center\">\u201cDutch in Dordrecht to szko\u0142a w kt\u00f3rej zaj\u0119cia s\u0105 prawdziw\u0105 przyjemno\u015bci\u0105. Nowo poznane wyra\u017cenia od razu wykorzystujemy w praktyce, rozmawiaj\u0105c oraz dyskutuj\u0105c.\u015awietna atmosfera, r\u00f3\u017cnorodne zadania, ciekawe \u0107wiczenia dobierane w taki spos\u00f3b, \u017ceby zainteresowa\u0107 tematem. Je\u017celi zale\u017cy Ci na efektywnej nauce j\u0119zyka Niderlandzkiego, Dutch in Dordrecht to jedyny s\u0142uszny wyb\u00f3r. &#8221;\u00a0<\/p>\n<\/div>\n<\/div>\n<\/div>\n<\/section>\n<\/div>\n\t\t\t\t\t\t\t\t<\/div>\n\t\t\t\t\t\t\t\t\t\t\t\t\t<div class=\"carousel-item\">\n\t\t\t\t\t\t\t\t\t<div>\n<section class=\"py-5\">\n<div class=\"container\">\n<div class=\"row justify-content-center align-items-center\">\n<div class=\"col-12 col-lg-8\">\n<h3 class=\"text-center text-secondary\">Delano &#8211; Zuid- Afrika\u00a0\u00a0<\/h3>\n\n\n\n<p class=\"text-center\">Come join this great group. You wont find a better dutch course that offers practical lessons as well as a community to get to know people.\u00a0<\/p>\n<\/div>\n<\/div>\n<\/div>\n<\/section>\n<\/div>\n\t\t\t\t\t\t\t\t<\/div>\n\t\t\t\t\t\t\t\t\t\t\t\t\t<div class=\"carousel-item\">\n\t\t\t\t\t\t\t\t\t<div>\n<section class=\"py-5\">\n<div class=\"container\">\n<div class=\"row justify-content-center align-items-center\">\n<div class=\"col-12 col-lg-8\">\n<h3 class=\"text-center text-secondary\">Anna de Waard- Leung &#8211; Canada\u00a0\u00a0<\/h3>\n\n\n\n<p class=\"text-center\">There were enough classmates to provide peer support, but not too many of us so the instructor was still able to tend to our individual needs during class. It was really helpful to put the knowledge of grammar into practice and eventually helped me be more conscious of the grammar in my daily Dutch conversations. The great support from the instructor and well-structured class materials helped to keep the lessons interesting and my motivation high. All in all, I am very pleased with the lessons provided by Dutch in Dordrecht.<\/p>\n<\/div>\n<\/div>\n<\/div>\n<\/section>\n<\/div>\n\t\t\t\t\t\t\t\t<\/div>\n\t\t\t\t\t\t\t\t\t\t\t\t\t<div class=\"carousel-item\">\n\t\t\t\t\t\t\t\t\t<div>\n<section class=\"py-5\">\n<div class=\"container\">\n<div class=\"row justify-content-center align-items-center\">\n<div class=\"col-12 col-lg-8\">\n<h3 class=\"text-center text-secondary\">Thomas \u2013 Denemarken<\/h3>\n\n\n\n<p class=\"text-center\">De docenten bij &#8220;Dutch in Dordrecht&#8221; zijn erg goed en motiveren je. Ik ben veel verbeterd in lezen, schrijven en spreken. Ook kom je in contact met mensen die in exact dezelfde situatie zitten als jij. Dat heeft mij enorm geholpen. Alleen maar positieve kanten! Ik kan echt iedereen aanraden om je in te schrijven bij &#8220;Dutch in Dordrecht&#8221;. Groetjes.<\/p>\n<\/div>\n<\/div>\n<\/div>\n<\/section>\n<\/div>\n\t\t\t\t\t\t\t\t<\/div>\n\t\t\t\t\t\t\t\t<\/div>\n  \t\t\t<button class=\"carousel-control-prev\" type=\"button\" data-bs-target=\"#carouselExampleIndicators\" data-bs-slide=\"prev\">\n    \t\t\t<span class=\"carousel-control-prev-icon\" aria-hidden=\"true\"><\/span>\n   \t\t\t\t<span class=\"visually-hidden\">Previous<\/span>\n  \t\t\t<\/button>\n  \t\t\t<button class=\"carousel-control-next\" type=\"button\" data-bs-target=\"#carouselExampleIndicators\" data-bs-slide=\"next\">\n    \t\t\t<span class=\"carousel-control-next-icon\" aria-hidden=\"true\"><\/span>\n    \t\t\t<span class=\"visually-hidden\">Next<\/span>\n  \t\t\t<\/button>\n\t\t<\/div>\n\t\t\n\n\n<section class=\"bg-primary-100 py-5\">\n<div class=\"container\">\n<div class=\"row\">\n<div class=\"col-12 col-lg-4 border-bottom border-primary\">\n<h3 class=\"text-secondary mt-4 mt-lg-0\">Join our activities \u00a0\u00a0<\/h3>\n\n\n\n<p>We regularly organise fun activities where you learn not only the Dutch language, but also the culture. It is the ideal opportunity to get acquainted with Dutch and other non-native speakers!<\/p>\n\n\n\n<a href=\"https:\/\/dutchindordrecht.nl\/en\/agenda\/\" id=\"\" class=\"btn btn-primary text-white mt-3 mb-4 mb-lg-0 d-block\"><strong>View in calendar<\/strong><\/a>\n<\/div>\n\n\n\n<div class=\"col-12 col-lg-8\">\n<div class=\"ratio ratio-16x9 mt-4 mt-lg-0\">\n<img decoding=\"async\" class=\"w-100 img-fluid border-bottom-end-5 object-fit-cover\" src=\"https:\/\/dutchindordrecht.nl\/en\/wp-content\/uploads\/sites\/2\/2023\/07\/home-picknick-e1689272578307.jpg\" alt=\"\"\/>\n<\/div>\n<\/div>\n<\/div>\n<\/div>\n<\/section>\n\n\n\n<section class=\"bg-white-200 py-5\">\n<div class=\"container\">\n<div class=\"row\">\n<div class=\"col-12 col-lg-8\">\n<div class=\"ratio ratio-16x9\">\n<img decoding=\"async\" class=\"w-100 img-fluid border-bottom-start-5 object-fit-cover\" src=\"https:\/\/dutchindordrecht.nl\/en\/wp-content\/uploads\/sites\/2\/2023\/07\/home-conversatieles.jpg\" alt=\"\"\/>\n<\/div>\n<\/div>\n\n\n\n<div class=\"col-12 col-lg-4 border-bottom border-primary\">\n<h3 class=\"text-secondary mt-4 mt-lg-0\">Learn to speak better?<\/h3>\n\n\n\n<p>Join the conversation class! This class is full of educational and active speaking exercises. Each week you&#8217;ll cover a different topic, learn lots of new words and meet fun people. Are you ready for this enjoyable class? Book a free trial lesson!<\/p>\n\n\n\n<a href=\"https:\/\/dutchindordrecht.nl\/en\/courses\/conversation-classes\/\" id=\"\" class=\"btn btn-primary text-white mt-3 mb-4 mb-lg-0 d-block\"><strong>Free trial lesson<\/strong><\/a>\n<\/div>\n<\/div>\n<\/div>\n<\/section>\n","protected":false},"excerpt":{"rendered":"","protected":false},"author":1,"featured_media":221,"parent":0,"menu_order":0,"comment_status":"closed","ping_status":"closed","template":"","meta":{"course_price_per_lesson":"","course_first_lesson_free":false,"hide_course_duration":false,"course_show_as_weekly":false,"course_show_as_monthly":false,"course_name":"","course_description":"","course_door_time":"","course_course_mode":"","course_course_workload":"","course_duration":"","course_les_method":"","course_minimum_attendee_capacity":"","course_maximum_attendee_capacity":"","course_start_date":"","course_end_date":"","course_start_time":"","course_end_time":"","course_location_name":"","course_location_same_as":"","course_location_address":"","course_days":[],"course_price":"","course_url":"","course_price_currency":"","course_certificate":"","course_study_load":"","course_entry_requirements":"","course_target_audience":"","course_event_schedule":[],"agenda_focalpoint":[],"agenda_link":[],"agenda_image":[],"agenda_link_url":"","agenda_weekly_event":false,"agenda_button_text":"","agenda_image_id":0,"agenda_image_url":"","agenda_image_alt":"","agenda_image_height":0,"agenda_image_width":0,"agenda_name":"","agenda_start_date":"","agenda_end_date":"","agenda_location_name":"","agenda_location_same_as":"","agenda_location_address":"","agenda_ticket_price":"","agenda_ticket_url":"","agenda_location_price_currency":"","agenda_performers":[],"event_name":"","event_start_date":"","event_location_name":"","event_location_same_as":"","event_location_address":"","event_ticket_price":"","event_ticket_url":"","event_location_price_currency":"","event_performers":[],"gallerie_location":"","gallerie_edition":"","footnotes":""},"class_list":["post-4","page","type-page","status-publish","has-post-thumbnail","hentry"],"yoast_head":"<!-- This site is optimized with the Yoast SEO plugin v21.5 - https:\/\/yoast.com\/wordpress\/plugins\/seo\/ -->\n<title>Home - Dutch in Dordrecht<\/title>\n<meta name=\"description\" content=\"At Dutch in Dordrecht you will learn the Dutch language in an enjoyable and motivating way. The classes will be tailored to your proficiency and personal learning preferences. Dutch in Dordrecht offers private classes as well as group lessons in Dordrecht\" \/>\n<meta name=\"robots\" content=\"index, follow, max-snippet:-1, max-image-preview:large, max-video-preview:-1\" \/>\n<link rel=\"canonical\" href=\"https:\/\/dutchindordrecht.nl\/en\/\" \/>\n<meta property=\"og:locale\" content=\"en_US\" \/>\n<meta property=\"og:type\" content=\"article\" \/>\n<meta property=\"og:title\" content=\"Home - Dutch in Dordrecht\" \/>\n<meta property=\"og:description\" content=\"At Dutch in Dordrecht you will learn the Dutch language in an enjoyable and motivating way. The classes will be tailored to your proficiency and personal learning preferences. Dutch in Dordrecht offers private classes as well as group lessons in Dordrecht\" \/>\n<meta property=\"og:url\" content=\"https:\/\/dutchindordrecht.nl\/en\/\" \/>\n<meta property=\"og:site_name\" content=\"Dutch in Dordrecht\" \/>\n<meta property=\"article:modified_time\" content=\"2026-03-05T09:24:58+00:00\" \/>\n<meta property=\"og:image\" content=\"https:\/\/dutchindordrecht.nl\/en\/wp-content\/uploads\/sites\/2\/2023\/06\/Home-bovenaan-scaled-e1685720456870.jpg\" \/>\n\t<meta property=\"og:image:width\" content=\"2560\" \/>\n\t<meta property=\"og:image:height\" content=\"915\" \/>\n\t<meta property=\"og:image:type\" content=\"image\/jpeg\" \/>\n<meta name=\"twitter:card\" content=\"summary_large_image\" \/>\n<meta name=\"twitter:label1\" content=\"Est. reading time\" \/>\n\t<meta name=\"twitter:data1\" content=\"3 minutes\" \/>\n<script type=\"application\/ld+json\" class=\"yoast-schema-graph\">{\"@context\":\"https:\/\/schema.org\",\"@graph\":[{\"@type\":\"WebPage\",\"@id\":\"https:\/\/dutchindordrecht.nl\/en\/\",\"url\":\"https:\/\/dutchindordrecht.nl\/en\/\",\"name\":\"Home - Dutch in Dordrecht\",\"isPartOf\":{\"@id\":\"https:\/\/dutchindordrecht.nl\/en\/#website\"},\"datePublished\":\"2023-05-13T05:28:40+00:00\",\"dateModified\":\"2026-03-05T09:24:58+00:00\",\"description\":\"At Dutch in Dordrecht you will learn the Dutch language in an enjoyable and motivating way. The classes will be tailored to your proficiency and personal learning preferences. Dutch in Dordrecht offers private classes as well as group lessons in Dordrecht\",\"breadcrumb\":{\"@id\":\"https:\/\/dutchindordrecht.nl\/en\/#breadcrumb\"},\"inLanguage\":\"en-US\",\"potentialAction\":[{\"@type\":\"ReadAction\",\"target\":[\"https:\/\/dutchindordrecht.nl\/en\/\"]}]},{\"@type\":\"BreadcrumbList\",\"@id\":\"https:\/\/dutchindordrecht.nl\/en\/#breadcrumb\",\"itemListElement\":[{\"@type\":\"ListItem\",\"position\":1,\"name\":\"Home\",\"item\":\"https:\/\/dutchindordrecht.nl\/en\/\"},{\"@type\":\"ListItem\",\"position\":2,\"name\":\"Home\"}]},{\"@type\":\"WebSite\",\"@id\":\"https:\/\/dutchindordrecht.nl\/en\/#website\",\"url\":\"https:\/\/dutchindordrecht.nl\/en\/\",\"name\":\"Dutch in Dordrecht\",\"description\":\"\",\"potentialAction\":[{\"@type\":\"SearchAction\",\"target\":{\"@type\":\"EntryPoint\",\"urlTemplate\":\"https:\/\/dutchindordrecht.nl\/en\/?s={search_term_string}\"},\"query-input\":\"required name=search_term_string\"}],\"inLanguage\":\"en-US\"}]}<\/script>\n<!-- \/ Yoast SEO plugin. -->","yoast_head_json":{"title":"Home - Dutch in Dordrecht","description":"At Dutch in Dordrecht you will learn the Dutch language in an enjoyable and motivating way. The classes will be tailored to your proficiency and personal learning preferences. Dutch in Dordrecht offers private classes as well as group lessons in Dordrecht","robots":{"index":"index","follow":"follow","max-snippet":"max-snippet:-1","max-image-preview":"max-image-preview:large","max-video-preview":"max-video-preview:-1"},"canonical":"https:\/\/dutchindordrecht.nl\/en\/","og_locale":"en_US","og_type":"article","og_title":"Home - Dutch in Dordrecht","og_description":"At Dutch in Dordrecht you will learn the Dutch language in an enjoyable and motivating way. The classes will be tailored to your proficiency and personal learning preferences. Dutch in Dordrecht offers private classes as well as group lessons in Dordrecht","og_url":"https:\/\/dutchindordrecht.nl\/en\/","og_site_name":"Dutch in Dordrecht","article_modified_time":"2026-03-05T09:24:58+00:00","og_image":[{"width":2560,"height":915,"url":"https:\/\/dutchindordrecht.nl\/en\/wp-content\/uploads\/sites\/2\/2023\/06\/Home-bovenaan-scaled-e1685720456870.jpg","type":"image\/jpeg"}],"twitter_card":"summary_large_image","twitter_misc":{"Est. reading time":"3 minutes"},"schema":{"@context":"https:\/\/schema.org","@graph":[{"@type":"WebPage","@id":"https:\/\/dutchindordrecht.nl\/en\/","url":"https:\/\/dutchindordrecht.nl\/en\/","name":"Home - Dutch in Dordrecht","isPartOf":{"@id":"https:\/\/dutchindordrecht.nl\/en\/#website"},"datePublished":"2023-05-13T05:28:40+00:00","dateModified":"2026-03-05T09:24:58+00:00","description":"At Dutch in Dordrecht you will learn the Dutch language in an enjoyable and motivating way. The classes will be tailored to your proficiency and personal learning preferences. Dutch in Dordrecht offers private classes as well as group lessons in Dordrecht","breadcrumb":{"@id":"https:\/\/dutchindordrecht.nl\/en\/#breadcrumb"},"inLanguage":"en-US","potentialAction":[{"@type":"ReadAction","target":["https:\/\/dutchindordrecht.nl\/en\/"]}]},{"@type":"BreadcrumbList","@id":"https:\/\/dutchindordrecht.nl\/en\/#breadcrumb","itemListElement":[{"@type":"ListItem","position":1,"name":"Home","item":"https:\/\/dutchindordrecht.nl\/en\/"},{"@type":"ListItem","position":2,"name":"Home"}]},{"@type":"WebSite","@id":"https:\/\/dutchindordrecht.nl\/en\/#website","url":"https:\/\/dutchindordrecht.nl\/en\/","name":"Dutch in Dordrecht","description":"","potentialAction":[{"@type":"SearchAction","target":{"@type":"EntryPoint","urlTemplate":"https:\/\/dutchindordrecht.nl\/en\/?s={search_term_string}"},"query-input":"required name=search_term_string"}],"inLanguage":"en-US"}]}},"_links":{"self":[{"href":"https:\/\/dutchindordrecht.nl\/en\/wp-json\/wp\/v2\/pages\/4","targetHints":{"allow":["GET"]}}],"collection":[{"href":"https:\/\/dutchindordrecht.nl\/en\/wp-json\/wp\/v2\/pages"}],"about":[{"href":"https:\/\/dutchindordrecht.nl\/en\/wp-json\/wp\/v2\/types\/page"}],"author":[{"embeddable":true,"href":"https:\/\/dutchindordrecht.nl\/en\/wp-json\/wp\/v2\/users\/1"}],"replies":[{"embeddable":true,"href":"https:\/\/dutchindordrecht.nl\/en\/wp-json\/wp\/v2\/comments?post=4"}],"version-history":[{"count":52,"href":"https:\/\/dutchindordrecht.nl\/en\/wp-json\/wp\/v2\/pages\/4\/revisions"}],"predecessor-version":[{"id":762,"href":"https:\/\/dutchindordrecht.nl\/en\/wp-json\/wp\/v2\/pages\/4\/revisions\/762"}],"wp:featuredmedia":[{"embeddable":true,"href":"https:\/\/dutchindordrecht.nl\/en\/wp-json\/wp\/v2\/media\/221"}],"wp:attachment":[{"href":"https:\/\/dutchindordrecht.nl\/en\/wp-json\/wp\/v2\/media?parent=4"}],"curies":[{"name":"wp","href":"https:\/\/api.w.org\/{rel}","templated":true}]}}